{"id":9,"date":"2022-01-17T13:48:42","date_gmt":"2022-01-17T13:48:42","guid":{"rendered":"http:\/\/local.mioti.com\/?page_id=9"},"modified":"2024-01-05T09:10:48","modified_gmt":"2024-01-05T09:10:48","slug":"home","status":"publish","type":"page","link":"https:\/\/miotiacademy.dgrees.studio\/es\/","title":{"rendered":"Home"},"content":{"rendered":"<p>Prueba<\/p>\n","protected":false},"excerpt":{"rendered":"<p>Prueba<\/p>\n","protected":false},"author":5,"featured_media":0,"parent":0,"menu_order":8,"comment_status":"closed","ping_status":"closed","template":"template-home.php","meta":{"_joinchat":[],"footnotes":""},"class_list":["post-9","page","type-page","status-publish","hentry"],"acf":[],"yoast_head":"<!-- This site is optimized with the Yoast SEO plugin v27.1.1 - https:\/\/yoast.com\/product\/yoast-seo-wordpress\/ -->\n<title>MIOTI Tech &amp; Business School<\/title>\n<meta name=\"description\" content=\"MIOTI Tech &amp; Business School es el centro de formaci\u00f3n de referencia en nuevas tecnolog\u00edas en Espa\u00f1a.\" \/>\n<meta name=\"robots\" content=\"noindex, follow, max-snippet:-1, max-image-preview:large, max-video-preview:-1\" \/>\n<meta property=\"og:locale\" content=\"es_ES\" \/>\n<meta property=\"og:type\" content=\"article\" \/>\n<meta property=\"og:title\" content=\"MIOTI Tech &amp; Business School\" \/>\n<meta property=\"og:description\" content=\"MIOTI Tech &amp; Business School es el centro de formaci\u00f3n de referencia en nuevas tecnolog\u00edas en Espa\u00f1a.\" \/>\n<meta property=\"og:url\" content=\"https:\/\/miotiacademy.dgrees.studio\/es\/\" \/>\n<meta property=\"og:site_name\" content=\"MIOTI\" \/>\n<meta property=\"article:modified_time\" content=\"2024-01-05T09:10:48+00:00\" \/>\n<meta name=\"twitter:card\" content=\"summary_large_image\" \/>\n<meta name=\"twitter:label1\" content=\"Tiempo de lectura\" \/>\n\t<meta name=\"twitter:data1\" content=\"1 minuto\" \/>\n<script type=\"application\/ld+json\" class=\"yoast-schema-graph\">{\"@context\":\"https:\/\/schema.org\",\"@graph\":[{\"@type\":\"WebPage\",\"@id\":\"https:\/\/miotiacademy.dgrees.studio\/es\/\",\"url\":\"https:\/\/miotiacademy.dgrees.studio\/es\/\",\"name\":\"MIOTI Tech & Business School\",\"isPartOf\":{\"@id\":\"https:\/\/miotiacademy.dgrees.studio\/es\/#website\"},\"datePublished\":\"2022-01-17T13:48:42+00:00\",\"dateModified\":\"2024-01-05T09:10:48+00:00\",\"description\":\"MIOTI Tech & Business School es el centro de formaci\u00f3n de referencia en nuevas tecnolog\u00edas en Espa\u00f1a.\",\"breadcrumb\":{\"@id\":\"https:\/\/miotiacademy.dgrees.studio\/es\/#breadcrumb\"},\"inLanguage\":\"es\",\"potentialAction\":[{\"@type\":\"ReadAction\",\"target\":[\"https:\/\/miotiacademy.dgrees.studio\/es\/\"]}]},{\"@type\":\"BreadcrumbList\",\"@id\":\"https:\/\/miotiacademy.dgrees.studio\/es\/#breadcrumb\",\"itemListElement\":[{\"@type\":\"ListItem\",\"position\":1,\"name\":\"Home\",\"item\":\"https:\/\/miotiacademy.dgrees.studio\/es\/\"},{\"@type\":\"ListItem\",\"position\":2,\"name\":\"Home\"}]},{\"@type\":\"WebSite\",\"@id\":\"https:\/\/miotiacademy.dgrees.studio\/es\/#website\",\"url\":\"https:\/\/miotiacademy.dgrees.studio\/es\/\",\"name\":\"MIOTI\",\"description\":\"Tech &amp; Business School\",\"publisher\":{\"@id\":\"https:\/\/miotiacademy.dgrees.studio\/es\/#organization\"},\"potentialAction\":[{\"@type\":\"SearchAction\",\"target\":{\"@type\":\"EntryPoint\",\"urlTemplate\":\"https:\/\/miotiacademy.dgrees.studio\/es\/?s={search_term_string}\"},\"query-input\":{\"@type\":\"PropertyValueSpecification\",\"valueRequired\":true,\"valueName\":\"search_term_string\"}}],\"inLanguage\":\"es\"},{\"@type\":\"Organization\",\"@id\":\"https:\/\/miotiacademy.dgrees.studio\/es\/#organization\",\"name\":\"MIOTI Tech & Business School\",\"url\":\"https:\/\/miotiacademy.dgrees.studio\/es\/\",\"logo\":{\"@type\":\"ImageObject\",\"inLanguage\":\"es\",\"@id\":\"https:\/\/miotiacademy.dgrees.studio\/es\/#\/schema\/logo\/image\/\",\"url\":\"http:\/\/mioti.dgrees.studio\/wp-content\/uploads\/2022\/04\/logo-mioti-schema.png\",\"contentUrl\":\"http:\/\/mioti.dgrees.studio\/wp-content\/uploads\/2022\/04\/logo-mioti-schema.png\",\"width\":1000,\"height\":501,\"caption\":\"MIOTI Tech & Business School\"},\"image\":{\"@id\":\"https:\/\/miotiacademy.dgrees.studio\/es\/#\/schema\/logo\/image\/\"}}]}<\/script>\n<!-- \/ Yoast SEO plugin. -->","yoast_head_json":{"title":"MIOTI Tech & Business School","description":"MIOTI Tech & Business School es el centro de formaci\u00f3n de referencia en nuevas tecnolog\u00edas en Espa\u00f1a.","robots":{"index":"noindex","follow":"follow","max-snippet":"max-snippet:-1","max-image-preview":"max-image-preview:large","max-video-preview":"max-video-preview:-1"},"og_locale":"es_ES","og_type":"article","og_title":"MIOTI Tech & Business School","og_description":"MIOTI Tech & Business School es el centro de formaci\u00f3n de referencia en nuevas tecnolog\u00edas en Espa\u00f1a.","og_url":"https:\/\/miotiacademy.dgrees.studio\/es\/","og_site_name":"MIOTI","article_modified_time":"2024-01-05T09:10:48+00:00","twitter_card":"summary_large_image","twitter_misc":{"Tiempo de lectura":"1 minuto"},"schema":{"@context":"https:\/\/schema.org","@graph":[{"@type":"WebPage","@id":"https:\/\/miotiacademy.dgrees.studio\/es\/","url":"https:\/\/miotiacademy.dgrees.studio\/es\/","name":"MIOTI Tech & Business School","isPartOf":{"@id":"https:\/\/miotiacademy.dgrees.studio\/es\/#website"},"datePublished":"2022-01-17T13:48:42+00:00","dateModified":"2024-01-05T09:10:48+00:00","description":"MIOTI Tech & Business School es el centro de formaci\u00f3n de referencia en nuevas tecnolog\u00edas en Espa\u00f1a.","breadcrumb":{"@id":"https:\/\/miotiacademy.dgrees.studio\/es\/#breadcrumb"},"inLanguage":"es","potentialAction":[{"@type":"ReadAction","target":["https:\/\/miotiacademy.dgrees.studio\/es\/"]}]},{"@type":"BreadcrumbList","@id":"https:\/\/miotiacademy.dgrees.studio\/es\/#breadcrumb","itemListElement":[{"@type":"ListItem","position":1,"name":"Home","item":"https:\/\/miotiacademy.dgrees.studio\/es\/"},{"@type":"ListItem","position":2,"name":"Home"}]},{"@type":"WebSite","@id":"https:\/\/miotiacademy.dgrees.studio\/es\/#website","url":"https:\/\/miotiacademy.dgrees.studio\/es\/","name":"MIOTI","description":"Tech &amp; Business School","publisher":{"@id":"https:\/\/miotiacademy.dgrees.studio\/es\/#organization"},"potentialAction":[{"@type":"SearchAction","target":{"@type":"EntryPoint","urlTemplate":"https:\/\/miotiacademy.dgrees.studio\/es\/?s={search_term_string}"},"query-input":{"@type":"PropertyValueSpecification","valueRequired":true,"valueName":"search_term_string"}}],"inLanguage":"es"},{"@type":"Organization","@id":"https:\/\/miotiacademy.dgrees.studio\/es\/#organization","name":"MIOTI Tech & Business School","url":"https:\/\/miotiacademy.dgrees.studio\/es\/","logo":{"@type":"ImageObject","inLanguage":"es","@id":"https:\/\/miotiacademy.dgrees.studio\/es\/#\/schema\/logo\/image\/","url":"http:\/\/mioti.dgrees.studio\/wp-content\/uploads\/2022\/04\/logo-mioti-schema.png","contentUrl":"http:\/\/mioti.dgrees.studio\/wp-content\/uploads\/2022\/04\/logo-mioti-schema.png","width":1000,"height":501,"caption":"MIOTI Tech & Business School"},"image":{"@id":"https:\/\/miotiacademy.dgrees.studio\/es\/#\/schema\/logo\/image\/"}}]}},"_links":{"self":[{"href":"https:\/\/miotiacademy.dgrees.studio\/es\/wp-json\/wp\/v2\/pages\/9","targetHints":{"allow":["GET"]}}],"collection":[{"href":"https:\/\/miotiacademy.dgrees.studio\/es\/wp-json\/wp\/v2\/pages"}],"about":[{"href":"https:\/\/miotiacademy.dgrees.studio\/es\/wp-json\/wp\/v2\/types\/page"}],"author":[{"embeddable":true,"href":"https:\/\/miotiacademy.dgrees.studio\/es\/wp-json\/wp\/v2\/users\/5"}],"replies":[{"embeddable":true,"href":"https:\/\/miotiacademy.dgrees.studio\/es\/wp-json\/wp\/v2\/comments?post=9"}],"version-history":[{"count":152,"href":"https:\/\/miotiacademy.dgrees.studio\/es\/wp-json\/wp\/v2\/pages\/9\/revisions"}],"predecessor-version":[{"id":32715,"href":"https:\/\/miotiacademy.dgrees.studio\/es\/wp-json\/wp\/v2\/pages\/9\/revisions\/32715"}],"wp:attachment":[{"href":"https:\/\/miotiacademy.dgrees.studio\/es\/wp-json\/wp\/v2\/media?parent=9"}],"curies":[{"name":"wp","href":"https:\/\/api.w.org\/{rel}","templated":true}]}}